{"id":41,"date":"2021-01-06T16:40:49","date_gmt":"2021-01-06T16:40:49","guid":{"rendered":"http:\/\/www.infinitesolutions.ch\/?page_id=41"},"modified":"2023-03-14T08:46:17","modified_gmt":"2023-03-14T08:46:17","slug":"startseite","status":"publish","type":"page","link":"https:\/\/www.infinitesolutions.ch\/","title":{"rendered":"Startseite"},"content":{"rendered":"\n<p class=\"has-medium-font-size\">Willkommen \/ Bienvenue \/ Benvenuto \/ Welcome<br>bei Infinite Solutions GmbH<\/p>\n\n\n\n<p>Vielen Dank, f\u00fcr Ihren Besuch auf unserer Webseite.<br>Wir freuen uns, wenn wir Ihnen beim Realisieren Ihrer Projekte helfen k\u00f6nnen.<\/p>\n\n\n\n<p>LED Screens f\u00fcr alle Anwendungen und in allen Formaten<\/p>\n\n\n\n<ul><li>Outdoor<\/li><li>Indoor<\/li><li>Transparent<\/li><li>Outdoor Stelen LED Screen \/ LCD Display<\/li><li>LED Screen Trailer<\/li><li>LED Floor Screen<br><\/li><\/ul>\n\n\n\n<p><\/p>\n","protected":false},"excerpt":{"rendered":"<p>Willkommen \/ Bienvenue \/ Benvenuto \/ Welcomebei Infinite Solutions GmbH Vielen Dank, f\u00fcr Ihren Besuch auf unserer Webseite.Wir freuen uns, wenn wir Ihnen beim Realisieren Ihrer Projekte helfen k\u00f6nnen. LED Screens f\u00fcr alle Anwendungen und in allen Formaten Outdoor Indoor Transparent Outdoor Stelen LED Screen \/ LCD Display LED Screen Trailer LED Floor Screen<\/p>\n","protected":false},"author":1,"featured_media":0,"parent":0,"menu_order":0,"comment_status":"closed","ping_status":"closed","template":"","meta":[],"_links":{"self":[{"href":"https:\/\/www.infinitesolutions.ch\/index.php\/wp-json\/wp\/v2\/pages\/41"}],"collection":[{"href":"https:\/\/www.infinitesolutions.ch\/index.php\/wp-json\/wp\/v2\/pages"}],"about":[{"href":"https:\/\/www.infinitesolutions.ch\/index.php\/wp-json\/wp\/v2\/types\/page"}],"author":[{"embeddable":true,"href":"https:\/\/www.infinitesolutions.ch\/index.php\/wp-json\/wp\/v2\/users\/1"}],"replies":[{"embeddable":true,"href":"https:\/\/www.infinitesolutions.ch\/index.php\/wp-json\/wp\/v2\/comments?post=41"}],"version-history":[{"count":20,"href":"https:\/\/www.infinitesolutions.ch\/index.php\/wp-json\/wp\/v2\/pages\/41\/revisions"}],"predecessor-version":[{"id":270,"href":"https:\/\/www.infinitesolutions.ch\/index.php\/wp-json\/wp\/v2\/pages\/41\/revisions\/270"}],"wp:attachment":[{"href":"https:\/\/www.infinitesolutions.ch\/index.php\/wp-json\/wp\/v2\/media?parent=41"}],"curies":[{"name":"wp","href":"https:\/\/api.w.org\/{rel}","templated":true}]}}