{"id":107,"date":"2021-01-09T09:03:59","date_gmt":"2021-01-09T09:03:59","guid":{"rendered":"http:\/\/www.infinitesolutions.ch\/?page_id=107"},"modified":"2025-03-19T14:47:03","modified_gmt":"2025-03-19T14:47:03","slug":"produkte","status":"publish","type":"page","link":"https:\/\/www.infinitesolutions.ch\/index.php\/produkte\/","title":{"rendered":"Produkte"},"content":{"rendered":"\n<ul class=\"has-medium-font-size\"><li>LED Screen Transparent<\/li><li>LED Screen Indoor<\/li><li>LED Screen Outdoor<\/li><li>LED Floor Screen<\/li><li>Outdoor Stele mit LED Screen \/ LCD Display<\/li><li>LED Screen Trailer<\/li><\/ul>\n\n\n\n<h2><strong>LED Screen Transparent<\/strong><\/h2>\n\n\n\n<p class=\"has-medium-font-size\">Blickfang \/ Elegant \/ Unauff\u00e4llig<\/p>\n\n\n\n<figure class=\"wp-block-image size-large is-resized is-style-default\"><img loading=\"lazy\" src=\"http:\/\/www.infinitesolutions.ch\/wp-content\/uploads\/2021\/01\/Retail-shops2.jpg\" alt=\"\" class=\"wp-image-162\" width=\"521\" height=\"348\" srcset=\"https:\/\/www.infinitesolutions.ch\/wp-content\/uploads\/2021\/01\/Retail-shops2.jpg 658w, https:\/\/www.infinitesolutions.ch\/wp-content\/uploads\/2021\/01\/Retail-shops2-300x200.jpg 300w\" sizes=\"(max-width: 521px) 100vw, 521px\" \/><\/figure>\n\n\n\n<h3>LED Screen Module Transparent<\/h3>\n\n\n\n<figure class=\"wp-block-gallery columns-2 is-cropped\"><ul class=\"blocks-gallery-grid\"><li class=\"blocks-gallery-item\"><figure><img loading=\"lazy\" width=\"1024\" height=\"629\" src=\"http:\/\/www.infinitesolutions.ch\/wp-content\/uploads\/2021\/01\/Tfree-F_1-1024x629.jpg\" alt=\"\" data-id=\"163\" data-link=\"http:\/\/www.infinitesolutions.ch\/index.php\/produkte\/part-no-lp377gwh1-40g\/\" class=\"wp-image-163\" srcset=\"https:\/\/www.infinitesolutions.ch\/wp-content\/uploads\/2021\/01\/Tfree-F_1-1024x629.jpg 1024w, https:\/\/www.infinitesolutions.ch\/wp-content\/uploads\/2021\/01\/Tfree-F_1-300x184.jpg 300w, https:\/\/www.infinitesolutions.ch\/wp-content\/uploads\/2021\/01\/Tfree-F_1-768x472.jpg 768w, https:\/\/www.infinitesolutions.ch\/wp-content\/uploads\/2021\/01\/Tfree-F_1-1536x943.jpg 1536w, https:\/\/www.infinitesolutions.ch\/wp-content\/uploads\/2021\/01\/Tfree-F_1.jpg 1780w\" sizes=\"(max-width: 767px) 89vw, (max-width: 1000px) 54vw, (max-width: 1071px) 543px, 580px\" \/><\/figure><\/li><li class=\"blocks-gallery-item\"><figure><img loading=\"lazy\" width=\"529\" height=\"353\" src=\"http:\/\/www.infinitesolutions.ch\/wp-content\/uploads\/2021\/01\/Tfree-F_back_12.jpg\" alt=\"\" data-id=\"164\" data-full-url=\"http:\/\/www.infinitesolutions.ch\/wp-content\/uploads\/2021\/01\/Tfree-F_back_12.jpg\" data-link=\"http:\/\/www.infinitesolutions.ch\/index.php\/produkte\/part-no-lp377gwh1-40g-2\/\" class=\"wp-image-164\" srcset=\"https:\/\/www.infinitesolutions.ch\/wp-content\/uploads\/2021\/01\/Tfree-F_back_12.jpg 529w, https:\/\/www.infinitesolutions.ch\/wp-content\/uploads\/2021\/01\/Tfree-F_back_12-300x200.jpg 300w\" sizes=\"(max-width: 529px) 100vw, 529px\" \/><\/figure><\/li><\/ul><\/figure>\n\n\n\n<p>Der Transparente LED Screen, ist ein Blickfang f\u00fcr jeden Kunden!<br>Der LED Screen bietet Ihnen die M\u00f6glichkeit Ihre Kunden direkt visuell via Bild oder Film \u00fcber Aktionen und Neuheiten zu informieren.<br>Leicht montiert kann die gewinnbringende LED-Display-Technologie m\u00fchelos und zentral \u00fcber das Internet via APP angesteuert werden.<\/p>\n\n\n\n<h3>Unz\u00e4hlige Anwendungsm\u00f6glichkeiten<\/h3>\n\n\n\n<p>Werbeanzeige im Schaufenster<\/p>\n\n\n\n<figure class=\"wp-block-gallery columns-1 is-cropped\"><ul class=\"blocks-gallery-grid\"><li class=\"blocks-gallery-item\"><figure><img loading=\"lazy\" width=\"1024\" height=\"683\" src=\"http:\/\/www.infinitesolutions.ch\/wp-content\/uploads\/2021\/01\/LED-Screen-Shop-1024x683.jpg\" alt=\"\" data-id=\"169\" data-full-url=\"http:\/\/www.infinitesolutions.ch\/wp-content\/uploads\/2021\/01\/LED-Screen-Shop.jpg\" data-link=\"http:\/\/www.infinitesolutions.ch\/index.php\/produkte\/led-screen-shop\/\" class=\"wp-image-169\" srcset=\"https:\/\/www.infinitesolutions.ch\/wp-content\/uploads\/2021\/01\/LED-Screen-Shop-1024x683.jpg 1024w, https:\/\/www.infinitesolutions.ch\/wp-content\/uploads\/2021\/01\/LED-Screen-Shop-300x200.jpg 300w, https:\/\/www.infinitesolutions.ch\/wp-content\/uploads\/2021\/01\/LED-Screen-Shop-768x512.jpg 768w, https:\/\/www.infinitesolutions.ch\/wp-content\/uploads\/2021\/01\/LED-Screen-Shop-1536x1025.jpg 1536w, https:\/\/www.infinitesolutions.ch\/wp-content\/uploads\/2021\/01\/LED-Screen-Shop.jpg 2000w\" sizes=\"(max-width: 767px) 89vw, (max-width: 1000px) 54vw, (max-width: 1071px) 543px, 580px\" \/><\/figure><\/li><\/ul><\/figure>\n\n\n\n<p><\/p>\n\n\n\n<h2><strong>LED Screen Indoor<\/strong><\/h2>\n\n\n\n<figure class=\"wp-block-image size-large is-resized is-style-default\"><img loading=\"lazy\" src=\"http:\/\/www.infinitesolutions.ch\/wp-content\/uploads\/2021\/01\/LED-screen-LED-1024x682.jpg\" alt=\"\" class=\"wp-image-156\" width=\"671\" height=\"445\"\/><\/figure>\n\n\n\n<p>Es gibt unz\u00e4hlige Anwendungsm\u00f6glichkeiten mit dem LED Screen Indoor!<\/p>\n\n\n\n<p>Statten Sie Ihr Besprechungszimmer mit einem grossfl\u00e4chigem LED Screen aus und \u00fcberraschen Sie Ihre Kunden und Partner mit einer eindrucksvollen Pr\u00e4sentation.<\/p>\n\n\n\n<p>Zeigen Sie Ihre neusten Produkte in der Eingangshalle und informieren Sie Ihre Kunden beim Eintreten in Ihr Gesch\u00e4ft.<\/p>\n\n\n\n<h2><strong>LED Screen Outdoor<\/strong><\/h2>\n\n\n\n<figure class=\"wp-block-image size-large is-resized\"><img loading=\"lazy\" src=\"https:\/\/www.infinitesolutions.ch\/wp-content\/uploads\/2023\/03\/Times-Square-New-York-1-1024x678.jpg\" alt=\"\" class=\"wp-image-194\" width=\"672\" height=\"444\" srcset=\"https:\/\/www.infinitesolutions.ch\/wp-content\/uploads\/2023\/03\/Times-Square-New-York-1-1024x678.jpg 1024w, https:\/\/www.infinitesolutions.ch\/wp-content\/uploads\/2023\/03\/Times-Square-New-York-1-300x199.jpg 300w, https:\/\/www.infinitesolutions.ch\/wp-content\/uploads\/2023\/03\/Times-Square-New-York-1-768x509.jpg 768w, https:\/\/www.infinitesolutions.ch\/wp-content\/uploads\/2023\/03\/Times-Square-New-York-1-1536x1018.jpg 1536w, https:\/\/www.infinitesolutions.ch\/wp-content\/uploads\/2023\/03\/Times-Square-New-York-1.jpg 2000w\" sizes=\"(max-width: 672px) 100vw, 672px\" \/><\/figure>\n\n\n\n<p>Alles ist m\u00f6glich!<\/p>\n\n\n\n<p>Gewinnen Sie, mit einem imposanten LED Screen Outdoor, Aufmerksamkeit f\u00fcr Ihre Firma!<\/p>\n\n\n\n<p>Verschiedene Gr\u00f6ssen und Formate sind m\u00f6glich.<\/p>\n\n\n\n<h2><strong>Outdoor Stelen mit LED Screen \/ LCD Display<\/strong><\/h2>\n\n\n\n<figure class=\"wp-block-image size-large is-resized\"><img loading=\"lazy\" src=\"https:\/\/www.infinitesolutions.ch\/wp-content\/uploads\/2023\/03\/WEB_Image_Hisense_Outdoor_Totem_display_IP55_2500__123503_011270631029_plid_340106.jpeg\" alt=\"\" class=\"wp-image-195\" width=\"683\" height=\"455\" srcset=\"https:\/\/www.infinitesolutions.ch\/wp-content\/uploads\/2023\/03\/WEB_Image_Hisense_Outdoor_Totem_display_IP55_2500__123503_011270631029_plid_340106.jpeg 600w, https:\/\/www.infinitesolutions.ch\/wp-content\/uploads\/2023\/03\/WEB_Image_Hisense_Outdoor_Totem_display_IP55_2500__123503_011270631029_plid_340106-300x200.jpeg 300w\" sizes=\"(max-width: 683px) 100vw, 683px\" \/><\/figure>\n\n\n\n<p>Mit einer Outdoor Stele sind Ihre Kunden 24\/7 informiert!<\/p>\n\n\n\n<p>Ansteuerung \u00fcber LAN \/ W-LAN \/ Cloud<\/p>\n\n\n\n<p class=\"has-medium-font-size\"><strong><a href=\"https:\/\/www.infinitesolutions.ch\/wp-content\/uploads\/2023\/03\/Spezialangebot-Stele-Outdoor-LED-Screen-1000-x-1750.pdf\"><span class=\"has-inline-color has-vivid-red-color\">&#8222;Spezial Angebot Outdoor Stele mit LED Screen 1000 x 1750 mm&#8220;<\/span><\/a><\/strong><\/p>\n\n\n\n<h2><strong>LED Screen Trailer<\/strong><\/h2>\n\n\n\n<figure class=\"wp-block-image size-large is-resized\"><img loading=\"lazy\" src=\"https:\/\/www.infinitesolutions.ch\/wp-content\/uploads\/2023\/03\/Trailer-IS-EF4.jpg\" alt=\"\" class=\"wp-image-196\" width=\"471\" height=\"473\" srcset=\"https:\/\/www.infinitesolutions.ch\/wp-content\/uploads\/2023\/03\/Trailer-IS-EF4.jpg 616w, https:\/\/www.infinitesolutions.ch\/wp-content\/uploads\/2023\/03\/Trailer-IS-EF4-300x300.jpg 300w, https:\/\/www.infinitesolutions.ch\/wp-content\/uploads\/2023\/03\/Trailer-IS-EF4-150x150.jpg 150w, https:\/\/www.infinitesolutions.ch\/wp-content\/uploads\/2023\/03\/Trailer-IS-EF4-100x100.jpg 100w\" sizes=\"(max-width: 471px) 100vw, 471px\" \/><\/figure>\n\n\n\n<p>Informieren Sie mobil und aktuell!<\/p>\n\n\n\n<p>Verschiedene Einsatzgebiete und Anwendungsm\u00f6glichkeiten:<br>&#8211; Mobile Informationstafel f\u00fcr Baustellen \/ Bauprojekte<br>&#8211; Firmen Veranstaltungen, Sport-Events, Private Anl\u00e4sse<br>&#8211; Werbetr\u00e4ger bei Outdoor Ausstellungen \/ Anl\u00e4sse<br>&#8211; Gemeindeveranstaltungen<br>&#8211; Ansteuerung \u00fcber 4G \/ Cloud<\/p>\n\n\n\n<p><a rel=\"noreferrer noopener\" href=\"http:\/\/www.infinitesolutions.ch\/wp-content\/uploads\/2023\/03\/LED-Screen-Trailer-IS-EF4-Spezifikationen-Preis-2022.pdf\" target=\"_blank\">Datenblatt \/ Preis   LED Screen Trailer IS-EF4<\/a><br><a rel=\"noreferrer noopener\" href=\"http:\/\/www.infinitesolutions.ch\/wp-content\/uploads\/2023\/03\/LED-Screen-Trailer-IS-EF6-Spezifikationen-Preis-2022.pdf\" target=\"_blank\">Datenblatt \/ Preis   LED Screen Trailer IS-EF6<\/a><\/p>\n\n\n\n<p><\/p>\n","protected":false},"excerpt":{"rendered":"<p>LED Screen Transparent LED Screen Indoor LED Screen Outdoor LED Floor Screen Outdoor Stele mit LED Screen \/ LCD Display LED Screen Trailer LED Screen Transparent Blickfang \/ Elegant \/ Unauff\u00e4llig LED Screen Module Transparent Der Transparente LED Screen, ist ein Blickfang f\u00fcr jeden Kunden!Der LED Screen bietet Ihnen die M\u00f6glichkeit Ihre Kunden direkt visuell &hellip; <\/p>\n<p class=\"link-more\"><a href=\"https:\/\/www.infinitesolutions.ch\/index.php\/produkte\/\" class=\"more-link\"><span class=\"screen-reader-text\">\u201eProdukte\u201c<\/span> weiterlesen<\/a><\/p>\n","protected":false},"author":1,"featured_media":185,"parent":0,"menu_order":0,"comment_status":"closed","ping_status":"closed","template":"","meta":[],"_links":{"self":[{"href":"https:\/\/www.infinitesolutions.ch\/index.php\/wp-json\/wp\/v2\/pages\/107"}],"collection":[{"href":"https:\/\/www.infinitesolutions.ch\/index.php\/wp-json\/wp\/v2\/pages"}],"about":[{"href":"https:\/\/www.infinitesolutions.ch\/index.php\/wp-json\/wp\/v2\/types\/page"}],"author":[{"embeddable":true,"href":"https:\/\/www.infinitesolutions.ch\/index.php\/wp-json\/wp\/v2\/users\/1"}],"replies":[{"embeddable":true,"href":"https:\/\/www.infinitesolutions.ch\/index.php\/wp-json\/wp\/v2\/comments?post=107"}],"version-history":[{"count":27,"href":"https:\/\/www.infinitesolutions.ch\/index.php\/wp-json\/wp\/v2\/pages\/107\/revisions"}],"predecessor-version":[{"id":273,"href":"https:\/\/www.infinitesolutions.ch\/index.php\/wp-json\/wp\/v2\/pages\/107\/revisions\/273"}],"wp:featuredmedia":[{"embeddable":true,"href":"https:\/\/www.infinitesolutions.ch\/index.php\/wp-json\/wp\/v2\/media\/185"}],"wp:attachment":[{"href":"https:\/\/www.infinitesolutions.ch\/index.php\/wp-json\/wp\/v2\/media?parent=107"}],"curies":[{"name":"wp","href":"https:\/\/api.w.org\/{rel}","templated":true}]}}